{"id":4066,"date":"2021-02-26T14:34:27","date_gmt":"2021-02-26T13:34:27","guid":{"rendered":"https:\/\/dermafora.ch\/?page_id=4066"},"modified":"2021-03-05T13:48:23","modified_gmt":"2021-03-05T12:48:23","slug":"fahle-haut-strahlende-haut","status":"publish","type":"page","link":"https:\/\/dermafora.ch\/de\/hauttyp\/fahle-haut\/","title":{"rendered":"Fahle Haut (\u00abstrahlende Haut\u00bb)"},"content":{"rendered":"\n<p>Das haben Sie sicher auch schon erlebt: Unabh\u00e4ngig vom biologischen Alter gibt es Phasen, in denen der Teint einfach m\u00fcde und matt wirkt. Die fahle Haut ist an sich kein Hauttyp, sondern kann auch bei trockener, oder auch \u00f6liger oder Mischhaut vorkommen. Gen\u00fcgend Wasser trinken und ausreichend schlafen helfen zwar sichtbar, der Haut ihre Strahlkraft wieder zu schenken \u2013 doch man kann auch mit gezielter Pflege ganz sch\u00f6n viel bewirken.<\/p>\n\n\n\n<p>So liebt die fahle Haut etwa sanfte Peelings, ob chemisch mit Fruchts\u00e4uren oder Fruchtenzymen, oder auch mit sanften physikalischen Scrubs. Wenn die Hautoberfl\u00e4che regelm\u00e4ssig von Hautsch\u00fcppchen befreit wird, wirkt sie sofort lebendiger. Eine ausreichende Feuchtigkeitszufuhr ist ebenfalls essenziell f\u00fcr prall wirkende Haut \u2013 sowohl \u00e4usserlich in Form von haut\u00e4hnlichen Lipiden und Hyalurons\u00e4ure, wie auch von innen: Der Rat mit den acht Gl\u00e4sern Wasser pro Tag macht also durchaus Sinn!<\/p>\n\n\n\n<p>Antioxidantien beugen der vorzeitigen Zellalterung vor und sch\u00fctzen diese zus\u00e4tzlich vor sch\u00e4dlichen Einfl\u00fcssen. Doch sch\u00f6nste und schnellste Glow-Geheimtipp kommt jedoch in Form von raffinierten, nat\u00fcrlichen \u00abBlurring\u00bb-Pigmenten daher, die an der Hautoberfl\u00e4che das Licht reflektieren und den Teint optisch leicht aufhellen und die Haut ganz zart schimmern lassen. Strahlen Sie also ruhig schon mal los!<\/p>\n","protected":false},"excerpt":{"rendered":"<p>Das haben Sie sicher auch schon erlebt: Unabh\u00e4ngig vom biologischen Alter gibt es Phasen, in denen der Teint einfach m\u00fcde und matt wirkt. Die fahle Haut ist an sich kein Hauttyp, sondern kann auch bei trockener, oder auch \u00f6liger oder Mischhaut vorkommen. Gen\u00fcgend Wasser trinken und ausreichend schlafen helfen zwar sichtbar, der Haut ihre Strahlkraft [&hellip;]<\/p>\n","protected":false},"author":2,"featured_media":0,"parent":4060,"menu_order":0,"comment_status":"closed","ping_status":"closed","template":"","meta":{"_acf_changed":false,"footnotes":""},"class_list":["post-4066","page","type-page","status-publish","hentry"],"acf":[],"yoast_head":"<!-- This site is optimized with the Yoast SEO plugin v25.6 - https:\/\/yoast.com\/wordpress\/plugins\/seo\/ -->\n<title>Fahle Haut (\u00abstrahlende Haut\u00bb) - Dermafora<\/title>\n<meta name=\"robots\" content=\"index, follow, max-snippet:-1, max-image-preview:large, max-video-preview:-1\" \/>\n<link rel=\"canonical\" href=\"https:\/\/dermafora.ch\/de\/hauttyp\/fahle-haut\/\" \/>\n<meta property=\"og:locale\" content=\"de_DE\" \/>\n<meta property=\"og:type\" content=\"article\" \/>\n<meta property=\"og:title\" content=\"Fahle Haut (\u00abstrahlende Haut\u00bb) - Dermafora\" \/>\n<meta property=\"og:description\" content=\"Das haben Sie sicher auch schon erlebt: Unabh\u00e4ngig vom biologischen Alter gibt es Phasen, in denen der Teint einfach m\u00fcde und matt wirkt. Die fahle Haut ist an sich kein Hauttyp, sondern kann auch bei trockener, oder auch \u00f6liger oder Mischhaut vorkommen. Gen\u00fcgend Wasser trinken und ausreichend schlafen helfen zwar sichtbar, der Haut ihre Strahlkraft [&hellip;]\" \/>\n<meta property=\"og:url\" content=\"https:\/\/dermafora.ch\/de\/hauttyp\/fahle-haut\/\" \/>\n<meta property=\"og:site_name\" content=\"Dermafora\" \/>\n<meta property=\"article:modified_time\" content=\"2021-03-05T12:48:23+00:00\" \/>\n<meta name=\"twitter:card\" content=\"summary_large_image\" \/>\n<meta name=\"twitter:label1\" content=\"Gesch\u00e4tzte Lesezeit\" \/>\n\t<meta name=\"twitter:data1\" content=\"1\u00a0Minute\" \/>\n<script type=\"application\/ld+json\" class=\"yoast-schema-graph\">{\"@context\":\"https:\/\/schema.org\",\"@graph\":[{\"@type\":\"WebPage\",\"@id\":\"https:\/\/dermafora.ch\/de\/hauttyp\/fahle-haut\/\",\"url\":\"https:\/\/dermafora.ch\/de\/hauttyp\/fahle-haut\/\",\"name\":\"Fahle Haut (\u00abstrahlende Haut\u00bb) - Dermafora\",\"isPartOf\":{\"@id\":\"https:\/\/dermafora.ch\/de\/#website\"},\"datePublished\":\"2021-02-26T13:34:27+00:00\",\"dateModified\":\"2021-03-05T12:48:23+00:00\",\"breadcrumb\":{\"@id\":\"https:\/\/dermafora.ch\/de\/hauttyp\/fahle-haut\/#breadcrumb\"},\"inLanguage\":\"de\",\"potentialAction\":[{\"@type\":\"ReadAction\",\"target\":[\"https:\/\/dermafora.ch\/de\/hauttyp\/fahle-haut\/\"]}]},{\"@type\":\"BreadcrumbList\",\"@id\":\"https:\/\/dermafora.ch\/de\/hauttyp\/fahle-haut\/#breadcrumb\",\"itemListElement\":[{\"@type\":\"ListItem\",\"position\":1,\"name\":\"Home\",\"item\":\"https:\/\/dermafora.ch\/de\/\"},{\"@type\":\"ListItem\",\"position\":2,\"name\":\"Hauttyp\",\"item\":\"https:\/\/dermafora.ch\/de\/hauttyp\/\"},{\"@type\":\"ListItem\",\"position\":3,\"name\":\"Fahle Haut (\u00abstrahlende Haut\u00bb)\"}]},{\"@type\":\"WebSite\",\"@id\":\"https:\/\/dermafora.ch\/de\/#website\",\"url\":\"https:\/\/dermafora.ch\/de\/\",\"name\":\"Dermafora\",\"description\":\"Where nature meets science\",\"potentialAction\":[{\"@type\":\"SearchAction\",\"target\":{\"@type\":\"EntryPoint\",\"urlTemplate\":\"https:\/\/dermafora.ch\/de\/?s={search_term_string}\"},\"query-input\":{\"@type\":\"PropertyValueSpecification\",\"valueRequired\":true,\"valueName\":\"search_term_string\"}}],\"inLanguage\":\"de\"}]}<\/script>\n<!-- \/ Yoast SEO plugin. -->","yoast_head_json":{"title":"Fahle Haut (\u00abstrahlende Haut\u00bb) - Dermafora","robots":{"index":"index","follow":"follow","max-snippet":"max-snippet:-1","max-image-preview":"max-image-preview:large","max-video-preview":"max-video-preview:-1"},"canonical":"https:\/\/dermafora.ch\/de\/hauttyp\/fahle-haut\/","og_locale":"de_DE","og_type":"article","og_title":"Fahle Haut (\u00abstrahlende Haut\u00bb) - Dermafora","og_description":"Das haben Sie sicher auch schon erlebt: Unabh\u00e4ngig vom biologischen Alter gibt es Phasen, in denen der Teint einfach m\u00fcde und matt wirkt. Die fahle Haut ist an sich kein Hauttyp, sondern kann auch bei trockener, oder auch \u00f6liger oder Mischhaut vorkommen. Gen\u00fcgend Wasser trinken und ausreichend schlafen helfen zwar sichtbar, der Haut ihre Strahlkraft [&hellip;]","og_url":"https:\/\/dermafora.ch\/de\/hauttyp\/fahle-haut\/","og_site_name":"Dermafora","article_modified_time":"2021-03-05T12:48:23+00:00","twitter_card":"summary_large_image","twitter_misc":{"Gesch\u00e4tzte Lesezeit":"1\u00a0Minute"},"schema":{"@context":"https:\/\/schema.org","@graph":[{"@type":"WebPage","@id":"https:\/\/dermafora.ch\/de\/hauttyp\/fahle-haut\/","url":"https:\/\/dermafora.ch\/de\/hauttyp\/fahle-haut\/","name":"Fahle Haut (\u00abstrahlende Haut\u00bb) - Dermafora","isPartOf":{"@id":"https:\/\/dermafora.ch\/de\/#website"},"datePublished":"2021-02-26T13:34:27+00:00","dateModified":"2021-03-05T12:48:23+00:00","breadcrumb":{"@id":"https:\/\/dermafora.ch\/de\/hauttyp\/fahle-haut\/#breadcrumb"},"inLanguage":"de","potentialAction":[{"@type":"ReadAction","target":["https:\/\/dermafora.ch\/de\/hauttyp\/fahle-haut\/"]}]},{"@type":"BreadcrumbList","@id":"https:\/\/dermafora.ch\/de\/hauttyp\/fahle-haut\/#breadcrumb","itemListElement":[{"@type":"ListItem","position":1,"name":"Home","item":"https:\/\/dermafora.ch\/de\/"},{"@type":"ListItem","position":2,"name":"Hauttyp","item":"https:\/\/dermafora.ch\/de\/hauttyp\/"},{"@type":"ListItem","position":3,"name":"Fahle Haut (\u00abstrahlende Haut\u00bb)"}]},{"@type":"WebSite","@id":"https:\/\/dermafora.ch\/de\/#website","url":"https:\/\/dermafora.ch\/de\/","name":"Dermafora","description":"Where nature meets science","potentialAction":[{"@type":"SearchAction","target":{"@type":"EntryPoint","urlTemplate":"https:\/\/dermafora.ch\/de\/?s={search_term_string}"},"query-input":{"@type":"PropertyValueSpecification","valueRequired":true,"valueName":"search_term_string"}}],"inLanguage":"de"}]}},"_links":{"self":[{"href":"https:\/\/dermafora.ch\/de\/wp-json\/wp\/v2\/pages\/4066"}],"collection":[{"href":"https:\/\/dermafora.ch\/de\/wp-json\/wp\/v2\/pages"}],"about":[{"href":"https:\/\/dermafora.ch\/de\/wp-json\/wp\/v2\/types\/page"}],"author":[{"embeddable":true,"href":"https:\/\/dermafora.ch\/de\/wp-json\/wp\/v2\/users\/2"}],"replies":[{"embeddable":true,"href":"https:\/\/dermafora.ch\/de\/wp-json\/wp\/v2\/comments?post=4066"}],"version-history":[{"count":0,"href":"https:\/\/dermafora.ch\/de\/wp-json\/wp\/v2\/pages\/4066\/revisions"}],"up":[{"embeddable":true,"href":"https:\/\/dermafora.ch\/de\/wp-json\/wp\/v2\/pages\/4060"}],"wp:attachment":[{"href":"https:\/\/dermafora.ch\/de\/wp-json\/wp\/v2\/media?parent=4066"}],"curies":[{"name":"wp","href":"https:\/\/api.w.org\/{rel}","templated":true}]}}