{"id":4064,"date":"2021-02-26T14:32:24","date_gmt":"2021-02-26T13:32:24","guid":{"rendered":"https:\/\/dermafora.ch\/?page_id=4064"},"modified":"2021-03-29T17:13:47","modified_gmt":"2021-03-29T16:13:47","slug":"reife-haut-zeichen-von-hautalterung","status":"publish","type":"page","link":"https:\/\/dermafora.ch\/de\/hauttyp\/reife-haut\/","title":{"rendered":"Reife Haut (\u00abzeichen von Hautalterung\u00bb)"},"content":{"rendered":"\n<div class=\"wp-block-image\"><figure class=\"aligncenter size-large is-resized\"><img decoding=\"async\" data-src=\"https:\/\/dermafora.ch\/wp-content\/uploads\/2021\/03\/Signe_AGE_DET.png\" alt=\"\" class=\"wp-image-4099 lazyload\" width=\"540\" height=\"304\" data-srcset=\"https:\/\/dermafora.ch\/wp-content\/uploads\/2021\/03\/Signe_AGE_DET.png 1080w, https:\/\/dermafora.ch\/wp-content\/uploads\/2021\/03\/Signe_AGE_DET-350x197.png 350w, https:\/\/dermafora.ch\/wp-content\/uploads\/2021\/03\/Signe_AGE_DET-768x432.png 768w\" data-sizes=\"auto\" src=\"data:image\/svg+xml;base64,PHN2ZyB3aWR0aD0iMSIgaGVpZ2h0PSIxIiB4bWxucz0iaHR0cDovL3d3dy53My5vcmcvMjAwMC9zdmciPjwvc3ZnPg==\" style=\"--smush-placeholder-width: 540px; --smush-placeholder-aspect-ratio: 540\/304;\" data-original-sizes=\"(max-width: 540px) 100vw, 540px\" \/><\/figure><\/div>\n\n\n\n<p>Es mag erstaunen, aber rein biologisch verlangsamt sich die Zellerneuerung in der Epidermis ab dem 25. Lebensjahr \u2013 und damit k\u00f6nnen sich ab dann bereits die ersten Anzeichen der Hautalterung auf der Hautoberfl\u00e4che zeigen. Faktoren wie Stress, Lebensstil und insbesondere UV-Strahlung haben jedoch einen sichtbar beschleunigenden Effekt auf die Faltenbildung. Erstaunlicherweise sind es jedoch oft nicht Falten, die einen vorzeitig altern lassen, sondern der unebene Teint: Pigmentverschiebungen und Hautr\u00f6tungen k\u00f6nnen im Alter von 30 bis 40 Jahren ebenfalls dazukommen und lassen den Hautton unruhig wirken \u2013 und weil auch die Kollagenproduktion in der Haut mit zunehmendem Alter abnimmt, kommt es zu einem Volumenverlust, den man oft an Wangen, Schl\u00e4fen und auch in der Kiefer- und Kinnpartie wahrnehmen kann, da sich auch die Elastizit\u00e4t der Haut langsam vermindert.<\/p>\n\n\n\n<p>Die gute Nachricht ist, dass es durchaus \u00abPro-Aging\u00bb-Schritte gibt, die man unternehmen kann, um diesen Prozess zu verlangsamen. Dazu geh\u00f6rt das regelm\u00e4ssige und konsequente Verwenden eines UV-Schutzes, auch im Alltag, sowie das regelm\u00e4ssige sanfte Exfolieren, um die Hautoberfl\u00e4che von abgestorbenen Hautzellen zu befreien. Wer dazu noch gezielte Pflegeprodukte verwendet, deren Wirkstoffe die Zellerneuerung ankurbeln und die Haut auf nat\u00fcrliche Art dazu animieren, sich selbst zu reparieren und bestehende Falten und F\u00e4ltchen aufpolstern, kann viel dazu beitragen, dass die Haut sichtbar erholter aussieht \u2013 und damit auch durchaus jugendlicher wirkt.<\/p>\n","protected":false},"excerpt":{"rendered":"<p>Es mag erstaunen, aber rein biologisch verlangsamt sich die Zellerneuerung in der Epidermis ab dem 25. Lebensjahr \u2013 und damit k\u00f6nnen sich ab dann bereits die ersten Anzeichen der Hautalterung auf der Hautoberfl\u00e4che zeigen. Faktoren wie Stress, Lebensstil und insbesondere UV-Strahlung haben jedoch einen sichtbar beschleunigenden Effekt auf die Faltenbildung. Erstaunlicherweise sind es jedoch oft [&hellip;]<\/p>\n","protected":false},"author":2,"featured_media":0,"parent":4060,"menu_order":0,"comment_status":"closed","ping_status":"closed","template":"","meta":{"_acf_changed":false,"footnotes":""},"class_list":["post-4064","page","type-page","status-publish","hentry"],"acf":[],"yoast_head":"<!-- This site is optimized with the Yoast SEO plugin v25.6 - https:\/\/yoast.com\/wordpress\/plugins\/seo\/ -->\n<title>Reife Haut (\u00abzeichen von Hautalterung\u00bb) - Dermafora<\/title>\n<meta name=\"robots\" content=\"index, follow, max-snippet:-1, max-image-preview:large, max-video-preview:-1\" \/>\n<link rel=\"canonical\" href=\"https:\/\/dermafora.ch\/de\/hauttyp\/reife-haut\/\" \/>\n<meta property=\"og:locale\" content=\"de_DE\" \/>\n<meta property=\"og:type\" content=\"article\" \/>\n<meta property=\"og:title\" content=\"Reife Haut (\u00abzeichen von Hautalterung\u00bb) - Dermafora\" \/>\n<meta property=\"og:description\" content=\"Es mag erstaunen, aber rein biologisch verlangsamt sich die Zellerneuerung in der Epidermis ab dem 25. Lebensjahr \u2013 und damit k\u00f6nnen sich ab dann bereits die ersten Anzeichen der Hautalterung auf der Hautoberfl\u00e4che zeigen. Faktoren wie Stress, Lebensstil und insbesondere UV-Strahlung haben jedoch einen sichtbar beschleunigenden Effekt auf die Faltenbildung. Erstaunlicherweise sind es jedoch oft [&hellip;]\" \/>\n<meta property=\"og:url\" content=\"https:\/\/dermafora.ch\/de\/hauttyp\/reife-haut\/\" \/>\n<meta property=\"og:site_name\" content=\"Dermafora\" \/>\n<meta property=\"article:modified_time\" content=\"2021-03-29T16:13:47+00:00\" \/>\n<meta property=\"og:image\" content=\"https:\/\/dermafora.ch\/wp-content\/uploads\/2021\/03\/Signe_AGE_DET.png\" \/>\n<meta name=\"twitter:card\" content=\"summary_large_image\" \/>\n<meta name=\"twitter:label1\" content=\"Gesch\u00e4tzte Lesezeit\" \/>\n\t<meta name=\"twitter:data1\" content=\"2\u00a0Minuten\" \/>\n<script type=\"application\/ld+json\" class=\"yoast-schema-graph\">{\"@context\":\"https:\/\/schema.org\",\"@graph\":[{\"@type\":\"WebPage\",\"@id\":\"https:\/\/dermafora.ch\/de\/hauttyp\/reife-haut\/\",\"url\":\"https:\/\/dermafora.ch\/de\/hauttyp\/reife-haut\/\",\"name\":\"Reife Haut (\u00abzeichen von Hautalterung\u00bb) - Dermafora\",\"isPartOf\":{\"@id\":\"https:\/\/dermafora.ch\/de\/#website\"},\"primaryImageOfPage\":{\"@id\":\"https:\/\/dermafora.ch\/de\/hauttyp\/reife-haut\/#primaryimage\"},\"image\":{\"@id\":\"https:\/\/dermafora.ch\/de\/hauttyp\/reife-haut\/#primaryimage\"},\"thumbnailUrl\":\"https:\/\/dermafora.ch\/wp-content\/uploads\/2021\/03\/Signe_AGE_DET.png\",\"datePublished\":\"2021-02-26T13:32:24+00:00\",\"dateModified\":\"2021-03-29T16:13:47+00:00\",\"breadcrumb\":{\"@id\":\"https:\/\/dermafora.ch\/de\/hauttyp\/reife-haut\/#breadcrumb\"},\"inLanguage\":\"de\",\"potentialAction\":[{\"@type\":\"ReadAction\",\"target\":[\"https:\/\/dermafora.ch\/de\/hauttyp\/reife-haut\/\"]}]},{\"@type\":\"ImageObject\",\"inLanguage\":\"de\",\"@id\":\"https:\/\/dermafora.ch\/de\/hauttyp\/reife-haut\/#primaryimage\",\"url\":\"https:\/\/dermafora.ch\/wp-content\/uploads\/2021\/03\/Signe_AGE_DET.png\",\"contentUrl\":\"https:\/\/dermafora.ch\/wp-content\/uploads\/2021\/03\/Signe_AGE_DET.png\"},{\"@type\":\"BreadcrumbList\",\"@id\":\"https:\/\/dermafora.ch\/de\/hauttyp\/reife-haut\/#breadcrumb\",\"itemListElement\":[{\"@type\":\"ListItem\",\"position\":1,\"name\":\"Home\",\"item\":\"https:\/\/dermafora.ch\/de\/\"},{\"@type\":\"ListItem\",\"position\":2,\"name\":\"Hauttyp\",\"item\":\"https:\/\/dermafora.ch\/de\/hauttyp\/\"},{\"@type\":\"ListItem\",\"position\":3,\"name\":\"Reife Haut (\u00abzeichen von Hautalterung\u00bb)\"}]},{\"@type\":\"WebSite\",\"@id\":\"https:\/\/dermafora.ch\/de\/#website\",\"url\":\"https:\/\/dermafora.ch\/de\/\",\"name\":\"Dermafora\",\"description\":\"Where nature meets science\",\"potentialAction\":[{\"@type\":\"SearchAction\",\"target\":{\"@type\":\"EntryPoint\",\"urlTemplate\":\"https:\/\/dermafora.ch\/de\/?s={search_term_string}\"},\"query-input\":{\"@type\":\"PropertyValueSpecification\",\"valueRequired\":true,\"valueName\":\"search_term_string\"}}],\"inLanguage\":\"de\"}]}<\/script>\n<!-- \/ Yoast SEO plugin. -->","yoast_head_json":{"title":"Reife Haut (\u00abzeichen von Hautalterung\u00bb) - Dermafora","robots":{"index":"index","follow":"follow","max-snippet":"max-snippet:-1","max-image-preview":"max-image-preview:large","max-video-preview":"max-video-preview:-1"},"canonical":"https:\/\/dermafora.ch\/de\/hauttyp\/reife-haut\/","og_locale":"de_DE","og_type":"article","og_title":"Reife Haut (\u00abzeichen von Hautalterung\u00bb) - Dermafora","og_description":"Es mag erstaunen, aber rein biologisch verlangsamt sich die Zellerneuerung in der Epidermis ab dem 25. Lebensjahr \u2013 und damit k\u00f6nnen sich ab dann bereits die ersten Anzeichen der Hautalterung auf der Hautoberfl\u00e4che zeigen. Faktoren wie Stress, Lebensstil und insbesondere UV-Strahlung haben jedoch einen sichtbar beschleunigenden Effekt auf die Faltenbildung. Erstaunlicherweise sind es jedoch oft [&hellip;]","og_url":"https:\/\/dermafora.ch\/de\/hauttyp\/reife-haut\/","og_site_name":"Dermafora","article_modified_time":"2021-03-29T16:13:47+00:00","og_image":[{"url":"https:\/\/dermafora.ch\/wp-content\/uploads\/2021\/03\/Signe_AGE_DET.png","type":"","width":"","height":""}],"twitter_card":"summary_large_image","twitter_misc":{"Gesch\u00e4tzte Lesezeit":"2\u00a0Minuten"},"schema":{"@context":"https:\/\/schema.org","@graph":[{"@type":"WebPage","@id":"https:\/\/dermafora.ch\/de\/hauttyp\/reife-haut\/","url":"https:\/\/dermafora.ch\/de\/hauttyp\/reife-haut\/","name":"Reife Haut (\u00abzeichen von Hautalterung\u00bb) - Dermafora","isPartOf":{"@id":"https:\/\/dermafora.ch\/de\/#website"},"primaryImageOfPage":{"@id":"https:\/\/dermafora.ch\/de\/hauttyp\/reife-haut\/#primaryimage"},"image":{"@id":"https:\/\/dermafora.ch\/de\/hauttyp\/reife-haut\/#primaryimage"},"thumbnailUrl":"https:\/\/dermafora.ch\/wp-content\/uploads\/2021\/03\/Signe_AGE_DET.png","datePublished":"2021-02-26T13:32:24+00:00","dateModified":"2021-03-29T16:13:47+00:00","breadcrumb":{"@id":"https:\/\/dermafora.ch\/de\/hauttyp\/reife-haut\/#breadcrumb"},"inLanguage":"de","potentialAction":[{"@type":"ReadAction","target":["https:\/\/dermafora.ch\/de\/hauttyp\/reife-haut\/"]}]},{"@type":"ImageObject","inLanguage":"de","@id":"https:\/\/dermafora.ch\/de\/hauttyp\/reife-haut\/#primaryimage","url":"https:\/\/dermafora.ch\/wp-content\/uploads\/2021\/03\/Signe_AGE_DET.png","contentUrl":"https:\/\/dermafora.ch\/wp-content\/uploads\/2021\/03\/Signe_AGE_DET.png"},{"@type":"BreadcrumbList","@id":"https:\/\/dermafora.ch\/de\/hauttyp\/reife-haut\/#breadcrumb","itemListElement":[{"@type":"ListItem","position":1,"name":"Home","item":"https:\/\/dermafora.ch\/de\/"},{"@type":"ListItem","position":2,"name":"Hauttyp","item":"https:\/\/dermafora.ch\/de\/hauttyp\/"},{"@type":"ListItem","position":3,"name":"Reife Haut (\u00abzeichen von Hautalterung\u00bb)"}]},{"@type":"WebSite","@id":"https:\/\/dermafora.ch\/de\/#website","url":"https:\/\/dermafora.ch\/de\/","name":"Dermafora","description":"Where nature meets science","potentialAction":[{"@type":"SearchAction","target":{"@type":"EntryPoint","urlTemplate":"https:\/\/dermafora.ch\/de\/?s={search_term_string}"},"query-input":{"@type":"PropertyValueSpecification","valueRequired":true,"valueName":"search_term_string"}}],"inLanguage":"de"}]}},"_links":{"self":[{"href":"https:\/\/dermafora.ch\/de\/wp-json\/wp\/v2\/pages\/4064"}],"collection":[{"href":"https:\/\/dermafora.ch\/de\/wp-json\/wp\/v2\/pages"}],"about":[{"href":"https:\/\/dermafora.ch\/de\/wp-json\/wp\/v2\/types\/page"}],"author":[{"embeddable":true,"href":"https:\/\/dermafora.ch\/de\/wp-json\/wp\/v2\/users\/2"}],"replies":[{"embeddable":true,"href":"https:\/\/dermafora.ch\/de\/wp-json\/wp\/v2\/comments?post=4064"}],"version-history":[{"count":0,"href":"https:\/\/dermafora.ch\/de\/wp-json\/wp\/v2\/pages\/4064\/revisions"}],"up":[{"embeddable":true,"href":"https:\/\/dermafora.ch\/de\/wp-json\/wp\/v2\/pages\/4060"}],"wp:attachment":[{"href":"https:\/\/dermafora.ch\/de\/wp-json\/wp\/v2\/media?parent=4064"}],"curies":[{"name":"wp","href":"https:\/\/api.w.org\/{rel}","templated":true}]}}