{"id":4062,"date":"2021-02-26T14:30:48","date_gmt":"2021-02-26T13:30:48","guid":{"rendered":"https:\/\/dermafora.ch\/?page_id=4062"},"modified":"2021-03-29T17:13:25","modified_gmt":"2021-03-29T16:13:25","slug":"unreine-haut","status":"publish","type":"page","link":"https:\/\/dermafora.ch\/de\/hauttyp\/unreine-haut\/","title":{"rendered":"Unreine Haut"},"content":{"rendered":"\n<div class=\"wp-block-image\"><figure class=\"aligncenter size-large is-resized\"><img decoding=\"async\" data-src=\"https:\/\/dermafora.ch\/wp-content\/uploads\/2021\/03\/Fille_PeauxImperfections_New_ATTENTE.png\" alt=\"\" class=\"wp-image-4112 lazyload\" width=\"540\" height=\"304\" data-srcset=\"https:\/\/dermafora.ch\/wp-content\/uploads\/2021\/03\/Fille_PeauxImperfections_New_ATTENTE.png 1080w, https:\/\/dermafora.ch\/wp-content\/uploads\/2021\/03\/Fille_PeauxImperfections_New_ATTENTE-350x197.png 350w, https:\/\/dermafora.ch\/wp-content\/uploads\/2021\/03\/Fille_PeauxImperfections_New_ATTENTE-768x432.png 768w\" data-sizes=\"auto\" src=\"data:image\/svg+xml;base64,PHN2ZyB3aWR0aD0iMSIgaGVpZ2h0PSIxIiB4bWxucz0iaHR0cDovL3d3dy53My5vcmcvMjAwMC9zdmciPjwvc3ZnPg==\" style=\"--smush-placeholder-width: 540px; --smush-placeholder-aspect-ratio: 540\/304;\" data-original-sizes=\"(max-width: 540px) 100vw, 540px\" \/><\/figure><\/div>\n\n\n\n<p>Bei der fettigen, unreinen Haut gibt es \u2013 wie bei vielen Hautbeschwerden \u2013 unterschiedliche Auswirkungen. So muss grunds\u00e4tzlich zwischen fettiger, zu Mitessern und verstopften Poren neigender Haut und Akne (mit Pusteln) differenziert werden. Fakt ist, dass beide Hautzust\u00e4nde oft belasten, denn: unreine Haut l\u00e4sst sich nur mit stark deckendem Make-Up kaschieren, und ist oft auch dank hormonellen Schwankungen zeitweise ziemlich stark ausgepr\u00e4gt.<\/p>\n\n\n\n<p>\u00d6lige Haut und Unreinheiten sind \u00fcbrigens keinesfalls bloss bei Teenagern anzutreffen: Ein beachtlicher Teil der \u00dcber-Dreissigj\u00e4hrigen (manchmal auch bis in die F\u00fcnfziger!) haben damit zu k\u00e4mpfen. Einen kleinen Anti-Aging-Vorteil bringt die \u00f6lige Haut immerhin mit sich \u2013 sie altert sichtbar langsamer als trockene Haut!<\/p>\n\n\n\n<p>Egal, in welchem Alter: Einer der wertvollsten Wirkstoffe f\u00fcr unreine Haut sind Fruchts\u00e4uren \u2013 allen zuvor Glykol- und Salicyls\u00e4ure. Diese sanften, aber effizienten S\u00e4uren haben eine peelende Wirkung. Das heisst: Sie entfernen die oberste Schicht abgestorbener Hautzellen und beschleunigen damit die Hauterneuerung, was der Verhornung, und den daraus entstehenden Hautunreinheiten, ein Schnippchen schl\u00e4gt.<\/p>\n\n\n\n<p>Wer dazu auf eine gr\u00fcndliche Reinigung sowie auf leichte Pflegeprodukte mit talgregulierenden Ingredienzen setzt, kann sich nicht nur \u00fcber ein frischeres Hautgef\u00fchl freuen, sondern auch auf weniger \u00d6lglanz und einen sichtbar klareren Teint. Und ein weiterer, wichtiger Tipp f\u00fcr unreine Haut: Vermeiden Sie es, unbedacht ihr Gesicht zu ber\u00fchren oder gar Pickel oder Mitesser ausdr\u00fccken zu wollen!<\/p>\n","protected":false},"excerpt":{"rendered":"<p>Bei der fettigen, unreinen Haut gibt es \u2013 wie bei vielen Hautbeschwerden \u2013 unterschiedliche Auswirkungen. So muss grunds\u00e4tzlich zwischen fettiger, zu Mitessern und verstopften Poren neigender Haut und Akne (mit Pusteln) differenziert werden. Fakt ist, dass beide Hautzust\u00e4nde oft belasten, denn: unreine Haut l\u00e4sst sich nur mit stark deckendem Make-Up kaschieren, und ist oft auch [&hellip;]<\/p>\n","protected":false},"author":2,"featured_media":0,"parent":4060,"menu_order":0,"comment_status":"closed","ping_status":"closed","template":"","meta":{"_acf_changed":false,"footnotes":""},"class_list":["post-4062","page","type-page","status-publish","hentry"],"acf":[],"yoast_head":"<!-- This site is optimized with the Yoast SEO plugin v25.6 - https:\/\/yoast.com\/wordpress\/plugins\/seo\/ -->\n<title>Unreine Haut - Dermafora<\/title>\n<meta name=\"robots\" content=\"index, follow, max-snippet:-1, max-image-preview:large, max-video-preview:-1\" \/>\n<link rel=\"canonical\" href=\"https:\/\/dermafora.ch\/de\/hauttyp\/unreine-haut\/\" \/>\n<meta property=\"og:locale\" content=\"de_DE\" \/>\n<meta property=\"og:type\" content=\"article\" \/>\n<meta property=\"og:title\" content=\"Unreine Haut - Dermafora\" \/>\n<meta property=\"og:description\" content=\"Bei der fettigen, unreinen Haut gibt es \u2013 wie bei vielen Hautbeschwerden \u2013 unterschiedliche Auswirkungen. So muss grunds\u00e4tzlich zwischen fettiger, zu Mitessern und verstopften Poren neigender Haut und Akne (mit Pusteln) differenziert werden. Fakt ist, dass beide Hautzust\u00e4nde oft belasten, denn: unreine Haut l\u00e4sst sich nur mit stark deckendem Make-Up kaschieren, und ist oft auch [&hellip;]\" \/>\n<meta property=\"og:url\" content=\"https:\/\/dermafora.ch\/de\/hauttyp\/unreine-haut\/\" \/>\n<meta property=\"og:site_name\" content=\"Dermafora\" \/>\n<meta property=\"article:modified_time\" content=\"2021-03-29T16:13:25+00:00\" \/>\n<meta property=\"og:image\" content=\"https:\/\/dermafora.ch\/wp-content\/uploads\/2021\/03\/Fille_PeauxImperfections_New_ATTENTE.png\" \/>\n<meta name=\"twitter:card\" content=\"summary_large_image\" \/>\n<meta name=\"twitter:label1\" content=\"Gesch\u00e4tzte Lesezeit\" \/>\n\t<meta name=\"twitter:data1\" content=\"2\u00a0Minuten\" \/>\n<script type=\"application\/ld+json\" class=\"yoast-schema-graph\">{\"@context\":\"https:\/\/schema.org\",\"@graph\":[{\"@type\":\"WebPage\",\"@id\":\"https:\/\/dermafora.ch\/de\/hauttyp\/unreine-haut\/\",\"url\":\"https:\/\/dermafora.ch\/de\/hauttyp\/unreine-haut\/\",\"name\":\"Unreine Haut - Dermafora\",\"isPartOf\":{\"@id\":\"https:\/\/dermafora.ch\/de\/#website\"},\"primaryImageOfPage\":{\"@id\":\"https:\/\/dermafora.ch\/de\/hauttyp\/unreine-haut\/#primaryimage\"},\"image\":{\"@id\":\"https:\/\/dermafora.ch\/de\/hauttyp\/unreine-haut\/#primaryimage\"},\"thumbnailUrl\":\"https:\/\/dermafora.ch\/wp-content\/uploads\/2021\/03\/Fille_PeauxImperfections_New_ATTENTE.png\",\"datePublished\":\"2021-02-26T13:30:48+00:00\",\"dateModified\":\"2021-03-29T16:13:25+00:00\",\"breadcrumb\":{\"@id\":\"https:\/\/dermafora.ch\/de\/hauttyp\/unreine-haut\/#breadcrumb\"},\"inLanguage\":\"de\",\"potentialAction\":[{\"@type\":\"ReadAction\",\"target\":[\"https:\/\/dermafora.ch\/de\/hauttyp\/unreine-haut\/\"]}]},{\"@type\":\"ImageObject\",\"inLanguage\":\"de\",\"@id\":\"https:\/\/dermafora.ch\/de\/hauttyp\/unreine-haut\/#primaryimage\",\"url\":\"https:\/\/dermafora.ch\/wp-content\/uploads\/2021\/03\/Fille_PeauxImperfections_New_ATTENTE.png\",\"contentUrl\":\"https:\/\/dermafora.ch\/wp-content\/uploads\/2021\/03\/Fille_PeauxImperfections_New_ATTENTE.png\"},{\"@type\":\"BreadcrumbList\",\"@id\":\"https:\/\/dermafora.ch\/de\/hauttyp\/unreine-haut\/#breadcrumb\",\"itemListElement\":[{\"@type\":\"ListItem\",\"position\":1,\"name\":\"Home\",\"item\":\"https:\/\/dermafora.ch\/de\/\"},{\"@type\":\"ListItem\",\"position\":2,\"name\":\"Hauttyp\",\"item\":\"https:\/\/dermafora.ch\/de\/hauttyp\/\"},{\"@type\":\"ListItem\",\"position\":3,\"name\":\"Unreine Haut\"}]},{\"@type\":\"WebSite\",\"@id\":\"https:\/\/dermafora.ch\/de\/#website\",\"url\":\"https:\/\/dermafora.ch\/de\/\",\"name\":\"Dermafora\",\"description\":\"Where nature meets science\",\"potentialAction\":[{\"@type\":\"SearchAction\",\"target\":{\"@type\":\"EntryPoint\",\"urlTemplate\":\"https:\/\/dermafora.ch\/de\/?s={search_term_string}\"},\"query-input\":{\"@type\":\"PropertyValueSpecification\",\"valueRequired\":true,\"valueName\":\"search_term_string\"}}],\"inLanguage\":\"de\"}]}<\/script>\n<!-- \/ Yoast SEO plugin. -->","yoast_head_json":{"title":"Unreine Haut - Dermafora","robots":{"index":"index","follow":"follow","max-snippet":"max-snippet:-1","max-image-preview":"max-image-preview:large","max-video-preview":"max-video-preview:-1"},"canonical":"https:\/\/dermafora.ch\/de\/hauttyp\/unreine-haut\/","og_locale":"de_DE","og_type":"article","og_title":"Unreine Haut - Dermafora","og_description":"Bei der fettigen, unreinen Haut gibt es \u2013 wie bei vielen Hautbeschwerden \u2013 unterschiedliche Auswirkungen. So muss grunds\u00e4tzlich zwischen fettiger, zu Mitessern und verstopften Poren neigender Haut und Akne (mit Pusteln) differenziert werden. Fakt ist, dass beide Hautzust\u00e4nde oft belasten, denn: unreine Haut l\u00e4sst sich nur mit stark deckendem Make-Up kaschieren, und ist oft auch [&hellip;]","og_url":"https:\/\/dermafora.ch\/de\/hauttyp\/unreine-haut\/","og_site_name":"Dermafora","article_modified_time":"2021-03-29T16:13:25+00:00","og_image":[{"url":"https:\/\/dermafora.ch\/wp-content\/uploads\/2021\/03\/Fille_PeauxImperfections_New_ATTENTE.png","type":"","width":"","height":""}],"twitter_card":"summary_large_image","twitter_misc":{"Gesch\u00e4tzte Lesezeit":"2\u00a0Minuten"},"schema":{"@context":"https:\/\/schema.org","@graph":[{"@type":"WebPage","@id":"https:\/\/dermafora.ch\/de\/hauttyp\/unreine-haut\/","url":"https:\/\/dermafora.ch\/de\/hauttyp\/unreine-haut\/","name":"Unreine Haut - Dermafora","isPartOf":{"@id":"https:\/\/dermafora.ch\/de\/#website"},"primaryImageOfPage":{"@id":"https:\/\/dermafora.ch\/de\/hauttyp\/unreine-haut\/#primaryimage"},"image":{"@id":"https:\/\/dermafora.ch\/de\/hauttyp\/unreine-haut\/#primaryimage"},"thumbnailUrl":"https:\/\/dermafora.ch\/wp-content\/uploads\/2021\/03\/Fille_PeauxImperfections_New_ATTENTE.png","datePublished":"2021-02-26T13:30:48+00:00","dateModified":"2021-03-29T16:13:25+00:00","breadcrumb":{"@id":"https:\/\/dermafora.ch\/de\/hauttyp\/unreine-haut\/#breadcrumb"},"inLanguage":"de","potentialAction":[{"@type":"ReadAction","target":["https:\/\/dermafora.ch\/de\/hauttyp\/unreine-haut\/"]}]},{"@type":"ImageObject","inLanguage":"de","@id":"https:\/\/dermafora.ch\/de\/hauttyp\/unreine-haut\/#primaryimage","url":"https:\/\/dermafora.ch\/wp-content\/uploads\/2021\/03\/Fille_PeauxImperfections_New_ATTENTE.png","contentUrl":"https:\/\/dermafora.ch\/wp-content\/uploads\/2021\/03\/Fille_PeauxImperfections_New_ATTENTE.png"},{"@type":"BreadcrumbList","@id":"https:\/\/dermafora.ch\/de\/hauttyp\/unreine-haut\/#breadcrumb","itemListElement":[{"@type":"ListItem","position":1,"name":"Home","item":"https:\/\/dermafora.ch\/de\/"},{"@type":"ListItem","position":2,"name":"Hauttyp","item":"https:\/\/dermafora.ch\/de\/hauttyp\/"},{"@type":"ListItem","position":3,"name":"Unreine Haut"}]},{"@type":"WebSite","@id":"https:\/\/dermafora.ch\/de\/#website","url":"https:\/\/dermafora.ch\/de\/","name":"Dermafora","description":"Where nature meets science","potentialAction":[{"@type":"SearchAction","target":{"@type":"EntryPoint","urlTemplate":"https:\/\/dermafora.ch\/de\/?s={search_term_string}"},"query-input":{"@type":"PropertyValueSpecification","valueRequired":true,"valueName":"search_term_string"}}],"inLanguage":"de"}]}},"_links":{"self":[{"href":"https:\/\/dermafora.ch\/de\/wp-json\/wp\/v2\/pages\/4062"}],"collection":[{"href":"https:\/\/dermafora.ch\/de\/wp-json\/wp\/v2\/pages"}],"about":[{"href":"https:\/\/dermafora.ch\/de\/wp-json\/wp\/v2\/types\/page"}],"author":[{"embeddable":true,"href":"https:\/\/dermafora.ch\/de\/wp-json\/wp\/v2\/users\/2"}],"replies":[{"embeddable":true,"href":"https:\/\/dermafora.ch\/de\/wp-json\/wp\/v2\/comments?post=4062"}],"version-history":[{"count":0,"href":"https:\/\/dermafora.ch\/de\/wp-json\/wp\/v2\/pages\/4062\/revisions"}],"up":[{"embeddable":true,"href":"https:\/\/dermafora.ch\/de\/wp-json\/wp\/v2\/pages\/4060"}],"wp:attachment":[{"href":"https:\/\/dermafora.ch\/de\/wp-json\/wp\/v2\/media?parent=4062"}],"curies":[{"name":"wp","href":"https:\/\/api.w.org\/{rel}","templated":true}]}}