{"id":4058,"date":"2021-02-26T14:23:44","date_gmt":"2021-02-26T13:23:44","guid":{"rendered":"https:\/\/dermafora.ch\/?page_id=4058"},"modified":"2021-03-29T17:13:03","modified_gmt":"2021-03-29T16:13:03","slug":"feuchtigkeitsarme-haut","status":"publish","type":"page","link":"https:\/\/dermafora.ch\/de\/hauttyp\/feuchtigkeitsarme-haut\/","title":{"rendered":"Feuchtigkeitsarme Haut"},"content":{"rendered":"\n<div class=\"wp-block-image\"><figure class=\"aligncenter size-large is-resized\"><img decoding=\"async\" data-src=\"https:\/\/dermafora.ch\/wp-content\/uploads\/2021\/03\/Fille_PeauxDeshydr_New-1.png\" alt=\"\" class=\"wp-image-4107 lazyload\" width=\"540\" height=\"304\" data-srcset=\"https:\/\/dermafora.ch\/wp-content\/uploads\/2021\/03\/Fille_PeauxDeshydr_New-1.png 1080w, https:\/\/dermafora.ch\/wp-content\/uploads\/2021\/03\/Fille_PeauxDeshydr_New-1-350x197.png 350w, https:\/\/dermafora.ch\/wp-content\/uploads\/2021\/03\/Fille_PeauxDeshydr_New-1-768x432.png 768w\" data-sizes=\"auto\" src=\"data:image\/svg+xml;base64,PHN2ZyB3aWR0aD0iMSIgaGVpZ2h0PSIxIiB4bWxucz0iaHR0cDovL3d3dy53My5vcmcvMjAwMC9zdmciPjwvc3ZnPg==\" style=\"--smush-placeholder-width: 540px; --smush-placeholder-aspect-ratio: 540\/304;\" data-original-sizes=\"(max-width: 540px) 100vw, 540px\" \/><\/figure><\/div>\n\n\n\n<p>Die Haut spannt. Sie f\u00fchlt sich trocken an \u2013 und sieht auch teilweise auch so aus. Oft wird die feuchtigkeitsarme Haut mit \u00abtrockener Haut\u00bb verwechselt, oder gar mit empfindlicher Haut. Doch w\u00e4hrend es trockener Haut an geschmeidig machenden \u00d6len und Fetten fehlt, durstet die feuchtigkeitsarme Haut buchst\u00e4blich nur nach einem, n\u00e4mlich: Wasser.<\/p>\n\n\n\n<p>Sind Sie nun unsicher, ob Sie wirklich trockene Haut haben oder diese bloss einen Feuchtigkeitskick braucht: Meist kann man das anhand seines \u00abnormalen\u00bb Hautzustandes selber kl\u00e4ren: Wer sonst eher normale oder Mischhaut hat, aber im Spiegel feine Linien erkennt, die keinen erkl\u00e4renbaren Zusammenhang mit der aktuellen Stressbelastung oder dem chronologischen Alter zu tun haben, darf durchaus darauf schliessen, dass die Haut mehr Hydration braucht. Bei der Wahl der Pflegeprodukte darf man durchaus auf Produkte zugreifen, die dank potenten, gut erforschten Wirkstoffen wie Hyalurons\u00e4ure die Haut schnell und intensiv mit Feuchtigkeit versorgen. Wichtig ist jedoch, dass die diese auch f\u00e4hig sind, die wertvolle Feuchtigkeit auch in die tieferen Hautschichten zu transportieren. Und ein weiterer, wichtiger Tipp: Um der Verdampfung von Wasser aus der Haut vorzubeugen, ist auch eine hochwertige Tagespflege mit ausreichend Lipiden (Fetten) wichtig: Diese hilft, die nat\u00fcrliche Hautbarriere zu st\u00e4rken und so diesen ungewollten Verlust von Feuchtigkeit auszubremsen.<\/p>\n\n\n\n<p>Schenken Sie Ihrer Haut ausreichend Feuchtigkeit, wirkt sie sofort praller und frischer \u2013 und ein rauer, stumpf wirkender Teint wirkt sichtbar wieder strahlender und lebendiger.<\/p>\n","protected":false},"excerpt":{"rendered":"<p>Die Haut spannt. Sie f\u00fchlt sich trocken an \u2013 und sieht auch teilweise auch so aus. Oft wird die feuchtigkeitsarme Haut mit \u00abtrockener Haut\u00bb verwechselt, oder gar mit empfindlicher Haut. Doch w\u00e4hrend es trockener Haut an geschmeidig machenden \u00d6len und Fetten fehlt, durstet die feuchtigkeitsarme Haut buchst\u00e4blich nur nach einem, n\u00e4mlich: Wasser. Sind Sie nun [&hellip;]<\/p>\n","protected":false},"author":2,"featured_media":0,"parent":4060,"menu_order":0,"comment_status":"closed","ping_status":"closed","template":"","meta":{"_acf_changed":false,"footnotes":""},"class_list":["post-4058","page","type-page","status-publish","hentry"],"acf":[],"yoast_head":"<!-- This site is optimized with the Yoast SEO plugin v25.6 - https:\/\/yoast.com\/wordpress\/plugins\/seo\/ -->\n<title>Feuchtigkeitsarme Haut - Dermafora<\/title>\n<meta name=\"robots\" content=\"index, follow, max-snippet:-1, max-image-preview:large, max-video-preview:-1\" \/>\n<link rel=\"canonical\" href=\"https:\/\/dermafora.ch\/de\/hauttyp\/feuchtigkeitsarme-haut\/\" \/>\n<meta property=\"og:locale\" content=\"de_DE\" \/>\n<meta property=\"og:type\" content=\"article\" \/>\n<meta property=\"og:title\" content=\"Feuchtigkeitsarme Haut - Dermafora\" \/>\n<meta property=\"og:description\" content=\"Die Haut spannt. Sie f\u00fchlt sich trocken an \u2013 und sieht auch teilweise auch so aus. Oft wird die feuchtigkeitsarme Haut mit \u00abtrockener Haut\u00bb verwechselt, oder gar mit empfindlicher Haut. Doch w\u00e4hrend es trockener Haut an geschmeidig machenden \u00d6len und Fetten fehlt, durstet die feuchtigkeitsarme Haut buchst\u00e4blich nur nach einem, n\u00e4mlich: Wasser. Sind Sie nun [&hellip;]\" \/>\n<meta property=\"og:url\" content=\"https:\/\/dermafora.ch\/de\/hauttyp\/feuchtigkeitsarme-haut\/\" \/>\n<meta property=\"og:site_name\" content=\"Dermafora\" \/>\n<meta property=\"article:modified_time\" content=\"2021-03-29T16:13:03+00:00\" \/>\n<meta property=\"og:image\" content=\"https:\/\/dermafora.ch\/wp-content\/uploads\/2021\/03\/Fille_PeauxDeshydr_New-1.png\" \/>\n<meta name=\"twitter:card\" content=\"summary_large_image\" \/>\n<meta name=\"twitter:label1\" content=\"Gesch\u00e4tzte Lesezeit\" \/>\n\t<meta name=\"twitter:data1\" content=\"2\u00a0Minuten\" \/>\n<script type=\"application\/ld+json\" class=\"yoast-schema-graph\">{\"@context\":\"https:\/\/schema.org\",\"@graph\":[{\"@type\":\"WebPage\",\"@id\":\"https:\/\/dermafora.ch\/de\/hauttyp\/feuchtigkeitsarme-haut\/\",\"url\":\"https:\/\/dermafora.ch\/de\/hauttyp\/feuchtigkeitsarme-haut\/\",\"name\":\"Feuchtigkeitsarme Haut - Dermafora\",\"isPartOf\":{\"@id\":\"https:\/\/dermafora.ch\/de\/#website\"},\"primaryImageOfPage\":{\"@id\":\"https:\/\/dermafora.ch\/de\/hauttyp\/feuchtigkeitsarme-haut\/#primaryimage\"},\"image\":{\"@id\":\"https:\/\/dermafora.ch\/de\/hauttyp\/feuchtigkeitsarme-haut\/#primaryimage\"},\"thumbnailUrl\":\"https:\/\/dermafora.ch\/wp-content\/uploads\/2021\/03\/Fille_PeauxDeshydr_New-1.png\",\"datePublished\":\"2021-02-26T13:23:44+00:00\",\"dateModified\":\"2021-03-29T16:13:03+00:00\",\"breadcrumb\":{\"@id\":\"https:\/\/dermafora.ch\/de\/hauttyp\/feuchtigkeitsarme-haut\/#breadcrumb\"},\"inLanguage\":\"de\",\"potentialAction\":[{\"@type\":\"ReadAction\",\"target\":[\"https:\/\/dermafora.ch\/de\/hauttyp\/feuchtigkeitsarme-haut\/\"]}]},{\"@type\":\"ImageObject\",\"inLanguage\":\"de\",\"@id\":\"https:\/\/dermafora.ch\/de\/hauttyp\/feuchtigkeitsarme-haut\/#primaryimage\",\"url\":\"https:\/\/dermafora.ch\/wp-content\/uploads\/2021\/03\/Fille_PeauxDeshydr_New-1.png\",\"contentUrl\":\"https:\/\/dermafora.ch\/wp-content\/uploads\/2021\/03\/Fille_PeauxDeshydr_New-1.png\"},{\"@type\":\"BreadcrumbList\",\"@id\":\"https:\/\/dermafora.ch\/de\/hauttyp\/feuchtigkeitsarme-haut\/#breadcrumb\",\"itemListElement\":[{\"@type\":\"ListItem\",\"position\":1,\"name\":\"Home\",\"item\":\"https:\/\/dermafora.ch\/de\/\"},{\"@type\":\"ListItem\",\"position\":2,\"name\":\"Hauttyp\",\"item\":\"https:\/\/dermafora.ch\/de\/hauttyp\/\"},{\"@type\":\"ListItem\",\"position\":3,\"name\":\"Feuchtigkeitsarme Haut\"}]},{\"@type\":\"WebSite\",\"@id\":\"https:\/\/dermafora.ch\/de\/#website\",\"url\":\"https:\/\/dermafora.ch\/de\/\",\"name\":\"Dermafora\",\"description\":\"Where nature meets science\",\"potentialAction\":[{\"@type\":\"SearchAction\",\"target\":{\"@type\":\"EntryPoint\",\"urlTemplate\":\"https:\/\/dermafora.ch\/de\/?s={search_term_string}\"},\"query-input\":{\"@type\":\"PropertyValueSpecification\",\"valueRequired\":true,\"valueName\":\"search_term_string\"}}],\"inLanguage\":\"de\"}]}<\/script>\n<!-- \/ Yoast SEO plugin. -->","yoast_head_json":{"title":"Feuchtigkeitsarme Haut - Dermafora","robots":{"index":"index","follow":"follow","max-snippet":"max-snippet:-1","max-image-preview":"max-image-preview:large","max-video-preview":"max-video-preview:-1"},"canonical":"https:\/\/dermafora.ch\/de\/hauttyp\/feuchtigkeitsarme-haut\/","og_locale":"de_DE","og_type":"article","og_title":"Feuchtigkeitsarme Haut - Dermafora","og_description":"Die Haut spannt. Sie f\u00fchlt sich trocken an \u2013 und sieht auch teilweise auch so aus. Oft wird die feuchtigkeitsarme Haut mit \u00abtrockener Haut\u00bb verwechselt, oder gar mit empfindlicher Haut. Doch w\u00e4hrend es trockener Haut an geschmeidig machenden \u00d6len und Fetten fehlt, durstet die feuchtigkeitsarme Haut buchst\u00e4blich nur nach einem, n\u00e4mlich: Wasser. Sind Sie nun [&hellip;]","og_url":"https:\/\/dermafora.ch\/de\/hauttyp\/feuchtigkeitsarme-haut\/","og_site_name":"Dermafora","article_modified_time":"2021-03-29T16:13:03+00:00","og_image":[{"url":"https:\/\/dermafora.ch\/wp-content\/uploads\/2021\/03\/Fille_PeauxDeshydr_New-1.png","type":"","width":"","height":""}],"twitter_card":"summary_large_image","twitter_misc":{"Gesch\u00e4tzte Lesezeit":"2\u00a0Minuten"},"schema":{"@context":"https:\/\/schema.org","@graph":[{"@type":"WebPage","@id":"https:\/\/dermafora.ch\/de\/hauttyp\/feuchtigkeitsarme-haut\/","url":"https:\/\/dermafora.ch\/de\/hauttyp\/feuchtigkeitsarme-haut\/","name":"Feuchtigkeitsarme Haut - Dermafora","isPartOf":{"@id":"https:\/\/dermafora.ch\/de\/#website"},"primaryImageOfPage":{"@id":"https:\/\/dermafora.ch\/de\/hauttyp\/feuchtigkeitsarme-haut\/#primaryimage"},"image":{"@id":"https:\/\/dermafora.ch\/de\/hauttyp\/feuchtigkeitsarme-haut\/#primaryimage"},"thumbnailUrl":"https:\/\/dermafora.ch\/wp-content\/uploads\/2021\/03\/Fille_PeauxDeshydr_New-1.png","datePublished":"2021-02-26T13:23:44+00:00","dateModified":"2021-03-29T16:13:03+00:00","breadcrumb":{"@id":"https:\/\/dermafora.ch\/de\/hauttyp\/feuchtigkeitsarme-haut\/#breadcrumb"},"inLanguage":"de","potentialAction":[{"@type":"ReadAction","target":["https:\/\/dermafora.ch\/de\/hauttyp\/feuchtigkeitsarme-haut\/"]}]},{"@type":"ImageObject","inLanguage":"de","@id":"https:\/\/dermafora.ch\/de\/hauttyp\/feuchtigkeitsarme-haut\/#primaryimage","url":"https:\/\/dermafora.ch\/wp-content\/uploads\/2021\/03\/Fille_PeauxDeshydr_New-1.png","contentUrl":"https:\/\/dermafora.ch\/wp-content\/uploads\/2021\/03\/Fille_PeauxDeshydr_New-1.png"},{"@type":"BreadcrumbList","@id":"https:\/\/dermafora.ch\/de\/hauttyp\/feuchtigkeitsarme-haut\/#breadcrumb","itemListElement":[{"@type":"ListItem","position":1,"name":"Home","item":"https:\/\/dermafora.ch\/de\/"},{"@type":"ListItem","position":2,"name":"Hauttyp","item":"https:\/\/dermafora.ch\/de\/hauttyp\/"},{"@type":"ListItem","position":3,"name":"Feuchtigkeitsarme Haut"}]},{"@type":"WebSite","@id":"https:\/\/dermafora.ch\/de\/#website","url":"https:\/\/dermafora.ch\/de\/","name":"Dermafora","description":"Where nature meets science","potentialAction":[{"@type":"SearchAction","target":{"@type":"EntryPoint","urlTemplate":"https:\/\/dermafora.ch\/de\/?s={search_term_string}"},"query-input":{"@type":"PropertyValueSpecification","valueRequired":true,"valueName":"search_term_string"}}],"inLanguage":"de"}]}},"_links":{"self":[{"href":"https:\/\/dermafora.ch\/de\/wp-json\/wp\/v2\/pages\/4058"}],"collection":[{"href":"https:\/\/dermafora.ch\/de\/wp-json\/wp\/v2\/pages"}],"about":[{"href":"https:\/\/dermafora.ch\/de\/wp-json\/wp\/v2\/types\/page"}],"author":[{"embeddable":true,"href":"https:\/\/dermafora.ch\/de\/wp-json\/wp\/v2\/users\/2"}],"replies":[{"embeddable":true,"href":"https:\/\/dermafora.ch\/de\/wp-json\/wp\/v2\/comments?post=4058"}],"version-history":[{"count":0,"href":"https:\/\/dermafora.ch\/de\/wp-json\/wp\/v2\/pages\/4058\/revisions"}],"up":[{"embeddable":true,"href":"https:\/\/dermafora.ch\/de\/wp-json\/wp\/v2\/pages\/4060"}],"wp:attachment":[{"href":"https:\/\/dermafora.ch\/de\/wp-json\/wp\/v2\/media?parent=4058"}],"curies":[{"name":"wp","href":"https:\/\/api.w.org\/{rel}","templated":true}]}}