{"id":4055,"date":"2021-01-22T10:51:27","date_gmt":"2021-01-22T09:51:27","guid":{"rendered":"https:\/\/dermafora.ch\/peau-sensible\/"},"modified":"2021-03-29T17:11:30","modified_gmt":"2021-03-29T16:11:30","slug":"hauttyp-empfindliche-haut","status":"publish","type":"page","link":"https:\/\/dermafora.ch\/de\/hauttyp\/sensible-haut\/","title":{"rendered":"Sensible Haut"},"content":{"rendered":"\n<div class=\"wp-block-image\"><figure class=\"aligncenter size-large is-resized\"><img decoding=\"async\" data-src=\"https:\/\/dermafora.ch\/wp-content\/uploads\/2021\/03\/Fille_PeauxSensible_New_OK.png\" alt=\"\" class=\"wp-image-4103 lazyload\" width=\"525\" height=\"294\" data-srcset=\"https:\/\/dermafora.ch\/wp-content\/uploads\/2021\/03\/Fille_PeauxSensible_New_OK.png 1080w, https:\/\/dermafora.ch\/wp-content\/uploads\/2021\/03\/Fille_PeauxSensible_New_OK-350x197.png 350w, https:\/\/dermafora.ch\/wp-content\/uploads\/2021\/03\/Fille_PeauxSensible_New_OK-768x432.png 768w\" data-sizes=\"auto\" src=\"data:image\/svg+xml;base64,PHN2ZyB3aWR0aD0iMSIgaGVpZ2h0PSIxIiB4bWxucz0iaHR0cDovL3d3dy53My5vcmcvMjAwMC9zdmciPjwvc3ZnPg==\" style=\"--smush-placeholder-width: 525px; --smush-placeholder-aspect-ratio: 525\/294;\" data-original-sizes=\"(max-width: 525px) 100vw, 525px\" \/><\/figure><\/div>\n\n\n\n<p>\u00abSei doch nicht so empfindlich!\u00bb. W\u00e4hrend wir seelisch manchmal durchaus bewusst gewisse Empfindlichkeitsprozesse beeinflussen k\u00f6nnen, sieht es bei der empfindlichen Haut anders aus. Ob man sie nun als sensibel oder empfindlich bezeichnet: Bis zu 30% der Schweizerinnen w\u00fcrden ihre eigene Haut so beschreiben.<\/p>\n\n\n\n<p>Die Parameter, die f\u00fcr oder gegen eine sensible Haut sprechen, sind fliessend. \u00dcberempfindlichkeit kann sich n\u00e4mlich auf unterschiedliche Arten ausdr\u00fccken \u2013 und werden, je nach Empfindung, auch unterschiedlich akut wahrgenommen. Eine Haut, die man als \u00abvon Natur aus reaktiv\u00bb bezeichnet, verf\u00fcgt meist \u00fcber eine d\u00fcnne Epidermis (oberste Hautschicht), die durch Reizungen der Nervenden sicht- oder f\u00fchlbar meldet, dass sie aus dem Gleichgewicht geraten ist. Die nat\u00fcrliche Schutzfunktion der Haut kann sowohl durch \u00e4ussere Einfl\u00fcsse wie z.B. K\u00e4lte oder Trockenheit, aber auch durch Stress geschw\u00e4cht werden.<\/p>\n\n\n\n<p>Und dieser Stress macht sich bemerkbar, wenn auch auf unterschiedliche Arten: Spannungsgef\u00fchlte, R\u00f6tungen oder leichter Juckreiz k\u00f6nnen die Folgen sein. Durch die geschw\u00e4chte Schutzbarriere der Haut treten feine Linien auch vermehr auf \u2013 im Extremfall kann sich die sensible Haut sogar schuppen. Die Linie zwischen empfindlicher Haut und allergischen Reaktionen ist fein \u2013 und leider oftmals fliessend. Wer mit der Wahl von dermatologisch getesteten, f\u00fcr sensible Haut formulierten Produkten keine Linderung versp\u00fcrt, sollte einen Dermatologen aufsuchen, um m\u00f6gliche Allergien oder andere unterliegenden Ursachen auszuschliessen. Allgemein gilt hier: Weniger ist mehr. Lieber auf wenige, daf\u00fcr ausgew\u00e4hlte und gepr\u00fcfte Wirkstoffe setzen.<\/p>\n","protected":false},"excerpt":{"rendered":"<p>\u00abSei doch nicht so empfindlich!\u00bb. W\u00e4hrend wir seelisch manchmal durchaus bewusst gewisse Empfindlichkeitsprozesse beeinflussen k\u00f6nnen, sieht es bei der empfindlichen Haut anders aus. Ob man sie nun als sensibel oder empfindlich bezeichnet: Bis zu 30% der Schweizerinnen w\u00fcrden ihre eigene Haut so beschreiben. Die Parameter, die f\u00fcr oder gegen eine sensible Haut sprechen, sind fliessend. [&hellip;]<\/p>\n","protected":false},"author":2,"featured_media":0,"parent":4060,"menu_order":0,"comment_status":"closed","ping_status":"closed","template":"","meta":{"_acf_changed":false,"footnotes":""},"class_list":["post-4055","page","type-page","status-publish","hentry"],"acf":[],"yoast_head":"<!-- This site is optimized with the Yoast SEO plugin v25.6 - https:\/\/yoast.com\/wordpress\/plugins\/seo\/ -->\n<title>Sensible Haut - Dermafora<\/title>\n<meta name=\"robots\" content=\"index, follow, max-snippet:-1, max-image-preview:large, max-video-preview:-1\" \/>\n<link rel=\"canonical\" href=\"https:\/\/dermafora.ch\/de\/hauttyp\/sensible-haut\/\" \/>\n<meta property=\"og:locale\" content=\"de_DE\" \/>\n<meta property=\"og:type\" content=\"article\" \/>\n<meta property=\"og:title\" content=\"Sensible Haut - Dermafora\" \/>\n<meta property=\"og:description\" content=\"\u00abSei doch nicht so empfindlich!\u00bb. W\u00e4hrend wir seelisch manchmal durchaus bewusst gewisse Empfindlichkeitsprozesse beeinflussen k\u00f6nnen, sieht es bei der empfindlichen Haut anders aus. Ob man sie nun als sensibel oder empfindlich bezeichnet: Bis zu 30% der Schweizerinnen w\u00fcrden ihre eigene Haut so beschreiben. Die Parameter, die f\u00fcr oder gegen eine sensible Haut sprechen, sind fliessend. [&hellip;]\" \/>\n<meta property=\"og:url\" content=\"https:\/\/dermafora.ch\/de\/hauttyp\/sensible-haut\/\" \/>\n<meta property=\"og:site_name\" content=\"Dermafora\" \/>\n<meta property=\"article:modified_time\" content=\"2021-03-29T16:11:30+00:00\" \/>\n<meta property=\"og:image\" content=\"https:\/\/dermafora.ch\/wp-content\/uploads\/2021\/03\/Fille_PeauxSensible_New_OK.png\" \/>\n<meta name=\"twitter:card\" content=\"summary_large_image\" \/>\n<meta name=\"twitter:label1\" content=\"Gesch\u00e4tzte Lesezeit\" \/>\n\t<meta name=\"twitter:data1\" content=\"2\u00a0Minuten\" \/>\n<script type=\"application\/ld+json\" class=\"yoast-schema-graph\">{\"@context\":\"https:\/\/schema.org\",\"@graph\":[{\"@type\":\"WebPage\",\"@id\":\"https:\/\/dermafora.ch\/de\/hauttyp\/sensible-haut\/\",\"url\":\"https:\/\/dermafora.ch\/de\/hauttyp\/sensible-haut\/\",\"name\":\"Sensible Haut - Dermafora\",\"isPartOf\":{\"@id\":\"https:\/\/dermafora.ch\/de\/#website\"},\"primaryImageOfPage\":{\"@id\":\"https:\/\/dermafora.ch\/de\/hauttyp\/sensible-haut\/#primaryimage\"},\"image\":{\"@id\":\"https:\/\/dermafora.ch\/de\/hauttyp\/sensible-haut\/#primaryimage\"},\"thumbnailUrl\":\"https:\/\/dermafora.ch\/wp-content\/uploads\/2021\/03\/Fille_PeauxSensible_New_OK.png\",\"datePublished\":\"2021-01-22T09:51:27+00:00\",\"dateModified\":\"2021-03-29T16:11:30+00:00\",\"breadcrumb\":{\"@id\":\"https:\/\/dermafora.ch\/de\/hauttyp\/sensible-haut\/#breadcrumb\"},\"inLanguage\":\"de\",\"potentialAction\":[{\"@type\":\"ReadAction\",\"target\":[\"https:\/\/dermafora.ch\/de\/hauttyp\/sensible-haut\/\"]}]},{\"@type\":\"ImageObject\",\"inLanguage\":\"de\",\"@id\":\"https:\/\/dermafora.ch\/de\/hauttyp\/sensible-haut\/#primaryimage\",\"url\":\"https:\/\/dermafora.ch\/wp-content\/uploads\/2021\/03\/Fille_PeauxSensible_New_OK.png\",\"contentUrl\":\"https:\/\/dermafora.ch\/wp-content\/uploads\/2021\/03\/Fille_PeauxSensible_New_OK.png\"},{\"@type\":\"BreadcrumbList\",\"@id\":\"https:\/\/dermafora.ch\/de\/hauttyp\/sensible-haut\/#breadcrumb\",\"itemListElement\":[{\"@type\":\"ListItem\",\"position\":1,\"name\":\"Home\",\"item\":\"https:\/\/dermafora.ch\/de\/\"},{\"@type\":\"ListItem\",\"position\":2,\"name\":\"Hauttyp\",\"item\":\"https:\/\/dermafora.ch\/de\/hauttyp\/\"},{\"@type\":\"ListItem\",\"position\":3,\"name\":\"Sensible Haut\"}]},{\"@type\":\"WebSite\",\"@id\":\"https:\/\/dermafora.ch\/de\/#website\",\"url\":\"https:\/\/dermafora.ch\/de\/\",\"name\":\"Dermafora\",\"description\":\"Where nature meets science\",\"potentialAction\":[{\"@type\":\"SearchAction\",\"target\":{\"@type\":\"EntryPoint\",\"urlTemplate\":\"https:\/\/dermafora.ch\/de\/?s={search_term_string}\"},\"query-input\":{\"@type\":\"PropertyValueSpecification\",\"valueRequired\":true,\"valueName\":\"search_term_string\"}}],\"inLanguage\":\"de\"}]}<\/script>\n<!-- \/ Yoast SEO plugin. -->","yoast_head_json":{"title":"Sensible Haut - Dermafora","robots":{"index":"index","follow":"follow","max-snippet":"max-snippet:-1","max-image-preview":"max-image-preview:large","max-video-preview":"max-video-preview:-1"},"canonical":"https:\/\/dermafora.ch\/de\/hauttyp\/sensible-haut\/","og_locale":"de_DE","og_type":"article","og_title":"Sensible Haut - Dermafora","og_description":"\u00abSei doch nicht so empfindlich!\u00bb. W\u00e4hrend wir seelisch manchmal durchaus bewusst gewisse Empfindlichkeitsprozesse beeinflussen k\u00f6nnen, sieht es bei der empfindlichen Haut anders aus. Ob man sie nun als sensibel oder empfindlich bezeichnet: Bis zu 30% der Schweizerinnen w\u00fcrden ihre eigene Haut so beschreiben. Die Parameter, die f\u00fcr oder gegen eine sensible Haut sprechen, sind fliessend. [&hellip;]","og_url":"https:\/\/dermafora.ch\/de\/hauttyp\/sensible-haut\/","og_site_name":"Dermafora","article_modified_time":"2021-03-29T16:11:30+00:00","og_image":[{"url":"https:\/\/dermafora.ch\/wp-content\/uploads\/2021\/03\/Fille_PeauxSensible_New_OK.png","type":"","width":"","height":""}],"twitter_card":"summary_large_image","twitter_misc":{"Gesch\u00e4tzte Lesezeit":"2\u00a0Minuten"},"schema":{"@context":"https:\/\/schema.org","@graph":[{"@type":"WebPage","@id":"https:\/\/dermafora.ch\/de\/hauttyp\/sensible-haut\/","url":"https:\/\/dermafora.ch\/de\/hauttyp\/sensible-haut\/","name":"Sensible Haut - Dermafora","isPartOf":{"@id":"https:\/\/dermafora.ch\/de\/#website"},"primaryImageOfPage":{"@id":"https:\/\/dermafora.ch\/de\/hauttyp\/sensible-haut\/#primaryimage"},"image":{"@id":"https:\/\/dermafora.ch\/de\/hauttyp\/sensible-haut\/#primaryimage"},"thumbnailUrl":"https:\/\/dermafora.ch\/wp-content\/uploads\/2021\/03\/Fille_PeauxSensible_New_OK.png","datePublished":"2021-01-22T09:51:27+00:00","dateModified":"2021-03-29T16:11:30+00:00","breadcrumb":{"@id":"https:\/\/dermafora.ch\/de\/hauttyp\/sensible-haut\/#breadcrumb"},"inLanguage":"de","potentialAction":[{"@type":"ReadAction","target":["https:\/\/dermafora.ch\/de\/hauttyp\/sensible-haut\/"]}]},{"@type":"ImageObject","inLanguage":"de","@id":"https:\/\/dermafora.ch\/de\/hauttyp\/sensible-haut\/#primaryimage","url":"https:\/\/dermafora.ch\/wp-content\/uploads\/2021\/03\/Fille_PeauxSensible_New_OK.png","contentUrl":"https:\/\/dermafora.ch\/wp-content\/uploads\/2021\/03\/Fille_PeauxSensible_New_OK.png"},{"@type":"BreadcrumbList","@id":"https:\/\/dermafora.ch\/de\/hauttyp\/sensible-haut\/#breadcrumb","itemListElement":[{"@type":"ListItem","position":1,"name":"Home","item":"https:\/\/dermafora.ch\/de\/"},{"@type":"ListItem","position":2,"name":"Hauttyp","item":"https:\/\/dermafora.ch\/de\/hauttyp\/"},{"@type":"ListItem","position":3,"name":"Sensible Haut"}]},{"@type":"WebSite","@id":"https:\/\/dermafora.ch\/de\/#website","url":"https:\/\/dermafora.ch\/de\/","name":"Dermafora","description":"Where nature meets science","potentialAction":[{"@type":"SearchAction","target":{"@type":"EntryPoint","urlTemplate":"https:\/\/dermafora.ch\/de\/?s={search_term_string}"},"query-input":{"@type":"PropertyValueSpecification","valueRequired":true,"valueName":"search_term_string"}}],"inLanguage":"de"}]}},"_links":{"self":[{"href":"https:\/\/dermafora.ch\/de\/wp-json\/wp\/v2\/pages\/4055"}],"collection":[{"href":"https:\/\/dermafora.ch\/de\/wp-json\/wp\/v2\/pages"}],"about":[{"href":"https:\/\/dermafora.ch\/de\/wp-json\/wp\/v2\/types\/page"}],"author":[{"embeddable":true,"href":"https:\/\/dermafora.ch\/de\/wp-json\/wp\/v2\/users\/2"}],"replies":[{"embeddable":true,"href":"https:\/\/dermafora.ch\/de\/wp-json\/wp\/v2\/comments?post=4055"}],"version-history":[{"count":0,"href":"https:\/\/dermafora.ch\/de\/wp-json\/wp\/v2\/pages\/4055\/revisions"}],"up":[{"embeddable":true,"href":"https:\/\/dermafora.ch\/de\/wp-json\/wp\/v2\/pages\/4060"}],"wp:attachment":[{"href":"https:\/\/dermafora.ch\/de\/wp-json\/wp\/v2\/media?parent=4055"}],"curies":[{"name":"wp","href":"https:\/\/api.w.org\/{rel}","templated":true}]}}